{"id":742,"date":"2012-10-02T03:11:06","date_gmt":"2012-10-02T03:11:06","guid":{"rendered":"http:\/\/www.defensoria.se.def.br\/?page_id=742"},"modified":"2026-02-27T09:07:52","modified_gmt":"2026-02-27T12:07:52","slug":"defesa-a-mulher","status":"publish","type":"page","link":"https:\/\/www.defensoria.se.def.br\/?page_id=742","title":{"rendered":"N\u00facleo da Mulher"},"content":{"rendered":"\n<h3 class=\"wp-block-heading\">&nbsp;<\/h3>\n\n\n\n<h1 class=\"wp-block-heading has-text-align-center\"><span style=\"color: #007749;\"><strong>&nbsp;N\u00facleo Especializado de Defesa da Mulher<\/strong><\/span><\/h1>\n\n\n\n<p class=\"has-text-align-center\">Resolu\u00e7\u00e3o n\u00ba 005\/2010<\/p>\n\n\n\n<p>&nbsp;<\/p>\n\n\n\n<p><span style=\"color: #007749;\"><strong>DIRETORA:&nbsp;<\/strong><\/span><\/p>\n\n\n\n<p><strong>Dra. Elvira Lorenza Quaranta Leite<\/strong> &#8211; Port. 165\/2010, Port. n\u00ba 110\/2025 e Port. n\u00ba 851\/2025<\/p>\n\n\n\n\n\n<p><span style=\"color: #007749;\"><strong>MEMBROS:&nbsp;<\/strong><\/span><\/p>\n\n\n\n<p>Dra. Bruna Rocha Cavalcanti &#8211; Port. 122\/2025<\/p>\n\n\n\n<p>Dra. Liza Cristina Barreto Rodrigues &#8211; Port. n\u00ba 129\/2025<\/p>\n\n\n\n<p>Dra. Aurea Gloria Oliveira Costa &#8211; Port. 249\/2022<\/p>\n\n\n\n<p>Dra. Janine Dos Reis Cunha Nascimento &#8211; Port. 102\/16<\/p>\n\n\n\n<p>&nbsp;<\/p>\n\n\n\n<p><span style=\"color: #007749;\"><strong>HIST\u00d3RICO:&nbsp;<\/strong><\/span><\/p>\n\n\n\n<p>Segundo a resolu\u00e7\u00e3o 05\u00b0\/2010 Sec\u00e7\u00e3o IV Artigos 10 e 11.<\/p>\n\n\n\n<p>Art. 10 &#8211; Compete ao N\u00facleo articular pol\u00edticas de prote\u00e7\u00e3o e defesa da mulher nas \u00e1reas c\u00edvel e criminal, compreendendo tal prote\u00e7\u00e3o \u00e0 assist\u00eancia de presta\u00e7\u00e3o jurisdicional e assist\u00eancia jur\u00eddica, tudo em conformidade com o art. 28 da lei 11.340-2006.<\/p>\n\n\n\n<p>Art. 11 \u2013 O n\u00facleo de Defesa e Prote\u00e7\u00e3o aos Direitos da Mulher ser\u00e1 composto por 05 (cinco) Defensores P\u00fablicos, sendo 01 destes o coordenador do referido n\u00facleo, os quais dever\u00e3o, prioritariamente, estar vinculados as Varas Privativas de assist\u00eancia Judici\u00e1ria, central de atendimento, varas de fam\u00edlia ou comarcas do interior que versem sob a mesma atribui\u00e7\u00e3o funcional das primeiras.<\/p>\n\n\n\n<p><br><br><br><br><\/p>\n\n\n","protected":false},"excerpt":{"rendered":"<p>&nbsp; &nbsp;N\u00facleo Especializado de Defesa da Mulher Resolu\u00e7\u00e3o n\u00ba 005\/2010 &nbsp; DIRETORA:&nbsp; Dra. Elvira Lorenza Quaranta Leite &#8211; Port. 165\/2010, Port. n\u00ba 110\/2025 e Port. n\u00ba 851\/2025 MEMBROS:&nbsp; Dra. Bruna Rocha Cavalcanti &#8211; Port. 122\/2025 Dra. Liza Cristina Barreto Rodrigues &#8211; Port. n\u00ba 129\/2025 Dra. Aurea Gloria Oliveira Costa &#8211; Port. 249\/2022 Dra. Janine Dos &hellip;<\/p>\n<p class=\"read-more\"> <a class=\"\" href=\"https:\/\/www.defensoria.se.def.br\/?page_id=742\"> <span class=\"screen-reader-text\">N\u00facleo da Mulher<\/span> Read More &raquo;<\/a><\/p>\n","protected":false},"author":1,"featured_media":0,"parent":458,"menu_order":0,"comment_status":"closed","ping_status":"closed","template":"","meta":{"_eb_attr":"","_uag_custom_page_level_css":"","site-sidebar-layout":"default","site-content-layout":"","ast-site-content-layout":"","site-content-style":"default","site-sidebar-style":"default","ast-global-header-display":"","ast-banner-title-visibility":"","ast-main-header-display":"","ast-hfb-above-header-display":"","ast-hfb-below-header-display":"","ast-hfb-mobile-header-display":"","site-post-title":"","ast-breadcrumbs-content":"","ast-featured-img":"","footer-sml-layout":"","theme-transparent-header-meta":"","adv-header-id-meta":"","stick-header-meta":"","header-above-stick-meta":"","header-main-stick-meta":"","header-below-stick-meta":"","astra-migrate-meta-layouts":"","footnotes":""},"class_list":["post-742","page","type-page","status-publish","hentry"],"uagb_featured_image_src":{"full":false,"thumbnail":false,"medium":false,"medium_large":false,"large":false,"1536x1536":false,"2048x2048":false},"uagb_author_info":{"display_name":"admin","author_link":"https:\/\/www.defensoria.se.def.br\/?author=1"},"uagb_comment_info":0,"uagb_excerpt":"&nbsp; &nbsp;N\u00facleo Especializado de Defesa da Mulher Resolu\u00e7\u00e3o n\u00ba 005\/2010 &nbsp; DIRETORA:&nbsp; Dra. Elvira Lorenza Quaranta Leite &#8211; Port. 165\/2010, Port. n\u00ba 110\/2025 e Port. n\u00ba 851\/2025 MEMBROS:&nbsp; Dra. Bruna Rocha Cavalcanti &#8211; Port. 122\/2025 Dra. Liza Cristina Barreto Rodrigues &#8211; Port. n\u00ba 129\/2025 Dra. Aurea Gloria Oliveira Costa &#8211; Port. 249\/2022 Dra. Janine Dos&hellip;","_links":{"self":[{"href":"https:\/\/www.defensoria.se.def.br\/index.php?rest_route=\/wp\/v2\/pages\/742"}],"collection":[{"href":"https:\/\/www.defensoria.se.def.br\/index.php?rest_route=\/wp\/v2\/pages"}],"about":[{"href":"https:\/\/www.defensoria.se.def.br\/index.php?rest_route=\/wp\/v2\/types\/page"}],"author":[{"embeddable":true,"href":"https:\/\/www.defensoria.se.def.br\/index.php?rest_route=\/wp\/v2\/users\/1"}],"replies":[{"embeddable":true,"href":"https:\/\/www.defensoria.se.def.br\/index.php?rest_route=%2Fwp%2Fv2%2Fcomments&post=742"}],"version-history":[{"count":24,"href":"https:\/\/www.defensoria.se.def.br\/index.php?rest_route=\/wp\/v2\/pages\/742\/revisions"}],"predecessor-version":[{"id":49739,"href":"https:\/\/www.defensoria.se.def.br\/index.php?rest_route=\/wp\/v2\/pages\/742\/revisions\/49739"}],"up":[{"embeddable":true,"href":"https:\/\/www.defensoria.se.def.br\/index.php?rest_route=\/wp\/v2\/pages\/458"}],"wp:attachment":[{"href":"https:\/\/www.defensoria.se.def.br\/index.php?rest_route=%2Fwp%2Fv2%2Fmedia&parent=742"}],"curies":[{"name":"wp","href":"https:\/\/api.w.org\/{rel}","templated":true}]}}