{"id":746,"date":"2012-10-02T03:13:02","date_gmt":"2012-10-02T03:13:02","guid":{"rendered":"http:\/\/www.defensoria.se.def.br\/?page_id=746"},"modified":"2026-02-27T09:03:18","modified_gmt":"2026-02-27T12:03:18","slug":"movimentos-e-bairros","status":"publish","type":"page","link":"https:\/\/www.defensoria.se.def.br\/?page_id=746","title":{"rendered":"N\u00facleo de Bairros"},"content":{"rendered":"\n<h3 class=\"wp-block-heading\">&nbsp;<\/h3>\n\n\n\n<h1 class=\"wp-block-heading has-text-align-center\">&nbsp;<span style=\"color: #007749;\"><strong>N\u00facleo de Articula\u00e7\u00e3o da Defensoria P\u00fablica com os Movimentos de Bairros&nbsp;<\/strong><\/span><\/h1>\n\n\n\n<p class=\"has-text-align-center\">Resolu\u00e7\u00e3o n\u00ba 005\/2010 e 005\/2015<\/p>\n\n\n\n<p><span style=\"color: #007749;\"><strong>DIRETOR: <\/strong><\/span><\/p>\n\n\n\n<p><strong>Dr. Alfredo Carlos Nikolaus De Figueiredo<\/strong> &#8211; Port. 317\/10<\/p>\n\n\n\n<p><span style=\"color: #007749;\"><strong>MEMBROS:<\/strong><\/span><\/p>\n\n\n\n<p>Dra. Mariana Belchior Ribeiro Freire &#8211; Port. 355\/2023<\/p>\n\n\n\n<p><span style=\"color: #007749;\"><strong>HIST\u00d3RICO:<\/strong><\/span><\/p>\n\n\n\n<p>O N\u00daCLEO DE ARTICULA\u00c7\u00c3O DA DEFENSORIA P\u00daBLICA COM OS MOVIMENTOS DE BAIRROS&nbsp;\u00e9 um \u00f3rg\u00e3o da Defensoria P\u00fablica do Estado de Sergipe que atua precipuamente na defesa coletiva da popula\u00e7\u00e3o hipossuficiente ou seja, quando um n\u00famero indeterminado de pessoas estiver sendo lesada no seu Direito haver\u00e1 interven\u00e7\u00e3o do N\u00facleo.<\/p>\n\n\n\n<p>A&nbsp;principal fun\u00e7\u00e3o do N\u00facleo \u00e9 a defesa coletiva do cidad\u00e3o, atrav\u00e9s de ajuizamento de A\u00e7\u00f5es Civis P\u00fablicas, onde haja possibilidade de efetiva\u00e7\u00e3o do Direito, atendendo um grande n\u00famero de pessoas.<\/p>\n\n\n\n<p>As mat\u00e9rias a serem analisadas pelo N\u00facleo versar\u00e3o sobre Regulariza\u00e7\u00e3o fundi\u00e1ria (posse e propriedade), atrav\u00e9s de A\u00e7\u00f5es de Usucapi\u00e3o para beneficiar comunidades, visando a regulariza\u00e7\u00e3o da situa\u00e7\u00e3o de posse no que tange \u00e0 moradia, sa\u00fade, saneamento b\u00e1sico, entre outros.<\/p>\n\n\n\n<p><span style=\"color: #007749;\"><strong>ATRIBUI\u00c7\u00d5ES:<\/strong><\/span><\/p>\n\n\n\n<p><strong>A)<\/strong> &nbsp;A\u00e7\u00f5es coletivas visando reforma de creches, postos de sa\u00fade e quest\u00f5es habitacionais nos bairros e comunidades da cidade de Aracaju, al\u00e9m de an\u00e1lise de reivindica\u00e7\u00f5es da popula\u00e7\u00e3o hipossuficiente dos bairros.<\/p>\n\n\n\n<p><strong>B) <\/strong>&nbsp;A\u00e7\u00f5es de Usucapi\u00e3o em \u00e1reas onde haja um grande n\u00famero de pessoas em situa\u00e7\u00e3o irregular;<\/p>\n\n\n\n<p><strong>C)<\/strong> Palestras nas comunidades para esclarecer os direitos e informar os \u00f3rg\u00e3os competentes para solucionar as demandas;<\/p>\n\n\n\n<p><span style=\"color: #007749;\"><strong>A\u00c7\u00d5ES CIVIS P\u00daBLICAS:<\/strong><\/span><\/p>\n\n\n\n<p><strong>I &#8211;<\/strong> &nbsp; &nbsp; &nbsp;A\u00e7\u00e3o Civil P\u00fablica em benef\u00edcio das Comunidades \u00c1gua Fina, Preol e Arrozal, pleiteando o direito \u00e0 moradia;<\/p>\n\n\n\n<p><strong>II &#8211;<\/strong> &nbsp;A\u00e7\u00e3o Civil P\u00fablica em Defesa da Comunidade do Bairro S\u00e3o Conrado, objetivando a integridade dos pedestres que utilizam a Avenida Her\u00e1clito Rollemberg;<\/p>\n\n\n\n<p><strong>III &#8211;<\/strong> &nbsp;&nbsp;A\u00e7\u00e3o Civil P\u00fablica para reforma do Posto de Sa\u00fade do Povoado Aloque;<\/p>\n\n\n\n<p><strong>IV &#8211;<\/strong> &nbsp;&nbsp;A\u00e7\u00e3o Civil P\u00fablica em benef\u00edcio \u00e0 Comunidade da Atalaia Nova.<\/p>\n\n\n\n<p>RECOMENDA\u00c7\u00c3O n.\u00ba 40, DE 13 DE JUNHO DE 2012&nbsp;&#8211; RECOMENDA AOS TRIBUNAIS DE JUSTI\u00c7A DOS ESTADOS A ELABORA\u00c7\u00c3O DE PLANO DE A\u00c7\u00c3O PARA O ENFRENTAMENTO E SOLU\u00c7\u00c3O DE SITUA\u00c7\u00d5ES DECORRENTES DE CALAMIDADES E DESASTRES AMBIENTAIS.<\/p>\n\n\n\n<p><br \/><br \/><\/p>\n\n\n\n<div class=\"wp-block-uagb-container uagb-block-fb7a216d alignfull uagb-is-root-container\"><div class=\"uagb-container-inner-blocks-wrap\"><\/div><\/div>\n","protected":false},"excerpt":{"rendered":"<p>&nbsp; &nbsp;N\u00facleo de Articula\u00e7\u00e3o da Defensoria P\u00fablica com os Movimentos de Bairros&nbsp; Resolu\u00e7\u00e3o n\u00ba 005\/2010 e 005\/2015 DIRETOR: Dr. Alfredo Carlos Nikolaus De Figueiredo &#8211; Port. 317\/10 MEMBROS: Dra. Mariana Belchior Ribeiro Freire &#8211; Port. 355\/2023 HIST\u00d3RICO: O N\u00daCLEO DE ARTICULA\u00c7\u00c3O DA DEFENSORIA P\u00daBLICA COM OS MOVIMENTOS DE BAIRROS&nbsp;\u00e9 um \u00f3rg\u00e3o da Defensoria P\u00fablica do &hellip;<\/p>\n<p class=\"read-more\"> <a class=\"\" href=\"https:\/\/www.defensoria.se.def.br\/?page_id=746\"> <span class=\"screen-reader-text\">N\u00facleo de Bairros<\/span> Read More &raquo;<\/a><\/p>\n","protected":false},"author":1,"featured_media":0,"parent":458,"menu_order":0,"comment_status":"closed","ping_status":"closed","template":"","meta":{"_eb_attr":"","_uag_custom_page_level_css":"","site-sidebar-layout":"default","site-content-layout":"","ast-site-content-layout":"","site-content-style":"default","site-sidebar-style":"default","ast-global-header-display":"","ast-banner-title-visibility":"","ast-main-header-display":"","ast-hfb-above-header-display":"","ast-hfb-below-header-display":"","ast-hfb-mobile-header-display":"","site-post-title":"","ast-breadcrumbs-content":"","ast-featured-img":"","footer-sml-layout":"","theme-transparent-header-meta":"","adv-header-id-meta":"","stick-header-meta":"","header-above-stick-meta":"","header-main-stick-meta":"","header-below-stick-meta":"","astra-migrate-meta-layouts":"","footnotes":""},"class_list":["post-746","page","type-page","status-publish","hentry"],"uagb_featured_image_src":{"full":false,"thumbnail":false,"medium":false,"medium_large":false,"large":false,"1536x1536":false,"2048x2048":false},"uagb_author_info":{"display_name":"admin","author_link":"https:\/\/www.defensoria.se.def.br\/?author=1"},"uagb_comment_info":0,"uagb_excerpt":"&nbsp; &nbsp;N\u00facleo de Articula\u00e7\u00e3o da Defensoria P\u00fablica com os Movimentos de Bairros&nbsp; Resolu\u00e7\u00e3o n\u00ba 005\/2010 e 005\/2015 DIRETOR: Dr. Alfredo Carlos Nikolaus De Figueiredo &#8211; Port. 317\/10 MEMBROS: Dra. Mariana Belchior Ribeiro Freire &#8211; Port. 355\/2023 HIST\u00d3RICO: O N\u00daCLEO DE ARTICULA\u00c7\u00c3O DA DEFENSORIA P\u00daBLICA COM OS MOVIMENTOS DE BAIRROS&nbsp;\u00e9 um \u00f3rg\u00e3o da Defensoria P\u00fablica do&hellip;","_links":{"self":[{"href":"https:\/\/www.defensoria.se.def.br\/index.php?rest_route=\/wp\/v2\/pages\/746"}],"collection":[{"href":"https:\/\/www.defensoria.se.def.br\/index.php?rest_route=\/wp\/v2\/pages"}],"about":[{"href":"https:\/\/www.defensoria.se.def.br\/index.php?rest_route=\/wp\/v2\/types\/page"}],"author":[{"embeddable":true,"href":"https:\/\/www.defensoria.se.def.br\/index.php?rest_route=\/wp\/v2\/users\/1"}],"replies":[{"embeddable":true,"href":"https:\/\/www.defensoria.se.def.br\/index.php?rest_route=%2Fwp%2Fv2%2Fcomments&post=746"}],"version-history":[{"count":32,"href":"https:\/\/www.defensoria.se.def.br\/index.php?rest_route=\/wp\/v2\/pages\/746\/revisions"}],"predecessor-version":[{"id":49736,"href":"https:\/\/www.defensoria.se.def.br\/index.php?rest_route=\/wp\/v2\/pages\/746\/revisions\/49736"}],"up":[{"embeddable":true,"href":"https:\/\/www.defensoria.se.def.br\/index.php?rest_route=\/wp\/v2\/pages\/458"}],"wp:attachment":[{"href":"https:\/\/www.defensoria.se.def.br\/index.php?rest_route=%2Fwp%2Fv2%2Fmedia&parent=746"}],"curies":[{"name":"wp","href":"https:\/\/api.w.org\/{rel}","templated":true}]}}