{"id":748,"date":"2012-10-02T03:13:13","date_gmt":"2012-10-02T03:13:13","guid":{"rendered":"http:\/\/www.defensoria.se.def.br\/?page_id=748"},"modified":"2026-02-27T09:58:09","modified_gmt":"2026-02-27T12:58:09","slug":"crianca-e-do-adolescente","status":"publish","type":"page","link":"https:\/\/www.defensoria.se.def.br\/?page_id=748","title":{"rendered":"Crian\u00e7a e Adolescente"},"content":{"rendered":"\n<h3 class=\"wp-block-heading\">&nbsp;<\/h3>\n\n\n\n<h1 class=\"wp-block-heading has-text-align-center\"><span style=\"color: #007749;\"><strong>N\u00facleo Especializado&nbsp;da Crian\u00e7a e do Adolescente<\/strong><\/span><\/h1>\n\n\n\n<p class=\"has-text-align-center\">Resolu\u00e7\u00e3o n\u00ba 005\/2017<\/p>\n\n\n\n<p><span style=\"color: #007749;\"><strong>DIRETORA:<\/strong><\/span><\/p>\n\n\n\n<p><strong>Dr.\u00a0Robson Milet<\/strong> &#8211; Portaria n\u00ba 079\/2026<\/p>\n\n\n\n<p><span style=\"color: #007749;\"><strong>MEMBROS:<\/strong><\/span><\/p>\n\n\n\n<p>Dra.\u00a0Fernanda da Silva Ribeiro &#8211; Port. 421\/2022<\/p>\n\n\n\n<p>Dr. Sergio Barreto Morais &#8211; Port. 242\/2020<\/p>\n\n\n\n<p>Dra. Carolina Sales Melo e Melo &#8211; Port. 296\/2022 e Port. n\u00ba 059\/2025 <br>Atuando como membro Suplente desta Institui\u00e7\u00e3o do Conselho Gestor do Programa a Crian\u00e7a e Adolescentes Amea\u00e7ados de Morte &#8211; PPCAAM<\/p>\n\n\n\n<p><\/p>\n\n\n\n<blockquote class=\"wp-block-quote is-layout-flow wp-block-quote-is-layout-flow\">\n<h4 class=\"wp-block-heading\"><span style=\"color: #339966;\"><strong>E-MAIL do N\u00facleo: nucleo.criancaadolescente@defensoria.se.def.br<\/strong><\/span><\/h4>\n<\/blockquote>\n\n\n\n<p>&nbsp;<\/p>\n\n\n\n<p><span style=\"color: #007749;\"><strong>HIST\u00d3RICO:<\/strong><\/span><\/p>\n\n\n\n<p>Promove a defesa e a assist\u00eancia da crian\u00e7a e do adolescente, no \u00e2mbito judicial e extrajudicial. Ademais, o N\u00facleo referido tem por objetivo primordial promover a articula\u00e7\u00e3o entre a Defensoria P\u00fablica e os Conselhos Tutelares, entidades da administra\u00e7\u00e3o direta e indireta, ONG\u00b4S e funda\u00e7\u00f5es privadas, que mantenha entre suas finalidades essenciais a defesa dos direitos da crian\u00e7a e do Adolescente.<\/p>\n\n\n\n<p>Atendemos as causas que s\u00e3o de compet\u00eancia do Juizado da Inf\u00e2ncia e Juventude, ou seja, as que envolvem adolescentes infratores em fase de execu\u00e7\u00e3o de medidas socioeducativas em meio fechado em aux\u00edlio ao Defensor P\u00fablico lotado na 17\u00aa vara c\u00edvel e, pedidos de ado\u00e7\u00e3o, quando se tratar de crian\u00e7a ou adolescente em situa\u00e7\u00e3o de risco:<\/p>\n\n\n\n<p><strong>a)&nbsp;<\/strong>&nbsp;&nbsp;&nbsp;&nbsp; Pedidos de guarda e tutela;<\/p>\n\n\n\n<p><strong>b)&nbsp;<\/strong>&nbsp;&nbsp;&nbsp;&nbsp; A\u00e7\u00e3o de destitui\u00e7\u00e3o do poder familiar, perda ou modifica\u00e7\u00e3o da tutela ou guarda;<\/p>\n\n\n\n<p><strong>c)&nbsp;<\/strong>&nbsp;&nbsp;&nbsp;&nbsp;&nbsp; Pedidos baseados em discord\u00e2ncia paterna ou materna, em rela\u00e7\u00e3o ao exerc\u00edcio do poder familiar;<\/p>\n\n\n\n<p><strong>d)&nbsp;<\/strong>&nbsp;&nbsp;&nbsp;&nbsp; Pedido de suprimento da capacidade ou o consentimento para o casamento;<\/p>\n\n\n\n<p><strong>e)&nbsp;&nbsp;&nbsp;<\/strong>&nbsp;&nbsp; Pedido de emancipa\u00e7\u00e3o; nos termos da lei civil, quando faltarem os pais;<\/p>\n\n\n\n<p><strong>f)<\/strong>&nbsp;&nbsp;&nbsp;&nbsp;&nbsp;&nbsp; A\u00e7\u00f5es de alimentos;<\/p>\n\n\n\n<p><strong>g)&nbsp;<\/strong>&nbsp;&nbsp;&nbsp;&nbsp; Pedido de cancelamento, retifica\u00e7\u00e3o e suprimento dos registros de nascimento e \u00f3bito.<\/p>\n\n\n\n<p>Situa\u00e7\u00f5es de crian\u00e7as e adolescentes em risco:<\/p>\n\n\n\n<p><strong>a)<\/strong>&nbsp;&nbsp;&nbsp;&nbsp;&nbsp; Abandono e neglig\u00eancia verificadas na falta de assist\u00eancia dos pais, respons\u00e1veis ou do Estado quanto \u00e0 seguran\u00e7a, educa\u00e7\u00e3o, sa\u00fade e forma\u00e7\u00e3o moral.<\/p>\n\n\n\n<p><strong>b)<\/strong>&nbsp;&nbsp;&nbsp;&nbsp;&nbsp; Abuso e maus tratos na fam\u00edlia e nas institui\u00e7\u00f5es;<\/p>\n\n\n\n<p><strong>c)&nbsp;<\/strong>&nbsp;&nbsp;&nbsp;&nbsp;&nbsp; Explora\u00e7\u00e3o e abuso sexual;<\/p>\n\n\n\n<p><strong>d)<\/strong>&nbsp;&nbsp;&nbsp;&nbsp;&nbsp; Trabalho abusivo e explorador;<\/p>\n\n\n\n<p><strong>e)<\/strong>&nbsp;&nbsp;&nbsp;&nbsp;&nbsp; Tr\u00e1fico de crian\u00e7as e adolescentes;<\/p>\n\n\n\n<p><strong>f)&nbsp;<\/strong>&nbsp;&nbsp;&nbsp;&nbsp;&nbsp; Uso e tr\u00e1fico de drogas;<\/p>\n\n\n\n<p><strong>g)<\/strong>&nbsp;&nbsp;&nbsp;&nbsp;&nbsp; Conflito com a Lei, em raz\u00e3o de cometimento de ato infracional.<\/p>\n\n\n\n<p><strong><span style=\"color: #007749;\">LEIS:<\/span>&nbsp;<\/strong><\/p>\n\n\n\n<p>LEI N\u00ba 13.010 DE 26 DE JUNHO DE 2014&nbsp;&#8211; QUE ALTERA O ESTATUTO DA CRIAN\u00c7A E ADOLESCENTE E PREV\u00ca QUE ELES SEJAM EDUCADOS E CUIDADOS SEM O USO DE CASTIGOS F\u00cdSICOS OU DE TRATAMENTO CRUEL OU DEGRADANTE.<\/p>\n\n\n\n<div class=\"wp-block-uagb-container uagb-block-05157f4d alignfull uagb-is-root-container\"><div class=\"uagb-container-inner-blocks-wrap\"><\/div><\/div>\n\n\n\n<p>&nbsp;&nbsp;<br><br><\/p>\n","protected":false},"excerpt":{"rendered":"<p>&nbsp; N\u00facleo Especializado&nbsp;da Crian\u00e7a e do Adolescente Resolu\u00e7\u00e3o n\u00ba 005\/2017 DIRETORA: Dr.\u00a0Robson Milet &#8211; Portaria n\u00ba 079\/2026 MEMBROS: Dra.\u00a0Fernanda da Silva Ribeiro &#8211; Port. 421\/2022 Dr. Sergio Barreto Morais &#8211; Port. 242\/2020 Dra. Carolina Sales Melo e Melo &#8211; Port. 296\/2022 e Port. n\u00ba 059\/2025 Atuando como membro Suplente desta Institui\u00e7\u00e3o do Conselho Gestor do &hellip;<\/p>\n<p class=\"read-more\"> <a class=\"\" href=\"https:\/\/www.defensoria.se.def.br\/?page_id=748\"> <span class=\"screen-reader-text\">Crian\u00e7a e Adolescente<\/span> Read More &raquo;<\/a><\/p>\n","protected":false},"author":1,"featured_media":0,"parent":458,"menu_order":0,"comment_status":"closed","ping_status":"closed","template":"","meta":{"_eb_attr":"","_uag_custom_page_level_css":"","site-sidebar-layout":"default","site-content-layout":"","ast-site-content-layout":"","site-content-style":"default","site-sidebar-style":"default","ast-global-header-display":"","ast-banner-title-visibility":"","ast-main-header-display":"","ast-hfb-above-header-display":"","ast-hfb-below-header-display":"","ast-hfb-mobile-header-display":"","site-post-title":"","ast-breadcrumbs-content":"","ast-featured-img":"","footer-sml-layout":"","theme-transparent-header-meta":"","adv-header-id-meta":"","stick-header-meta":"","header-above-stick-meta":"","header-main-stick-meta":"","header-below-stick-meta":"","astra-migrate-meta-layouts":"","footnotes":""},"class_list":["post-748","page","type-page","status-publish","hentry"],"uagb_featured_image_src":{"full":false,"thumbnail":false,"medium":false,"medium_large":false,"large":false,"1536x1536":false,"2048x2048":false},"uagb_author_info":{"display_name":"admin","author_link":"https:\/\/www.defensoria.se.def.br\/?author=1"},"uagb_comment_info":0,"uagb_excerpt":"&nbsp; N\u00facleo Especializado&nbsp;da Crian\u00e7a e do Adolescente Resolu\u00e7\u00e3o n\u00ba 005\/2017 DIRETORA: Dr.\u00a0Robson Milet &#8211; Portaria n\u00ba 079\/2026 MEMBROS: Dra.\u00a0Fernanda da Silva Ribeiro &#8211; Port. 421\/2022 Dr. Sergio Barreto Morais &#8211; Port. 242\/2020 Dra. Carolina Sales Melo e Melo &#8211; Port. 296\/2022 e Port. n\u00ba 059\/2025 Atuando como membro Suplente desta Institui\u00e7\u00e3o do Conselho Gestor do&hellip;","_links":{"self":[{"href":"https:\/\/www.defensoria.se.def.br\/index.php?rest_route=\/wp\/v2\/pages\/748"}],"collection":[{"href":"https:\/\/www.defensoria.se.def.br\/index.php?rest_route=\/wp\/v2\/pages"}],"about":[{"href":"https:\/\/www.defensoria.se.def.br\/index.php?rest_route=\/wp\/v2\/types\/page"}],"author":[{"embeddable":true,"href":"https:\/\/www.defensoria.se.def.br\/index.php?rest_route=\/wp\/v2\/users\/1"}],"replies":[{"embeddable":true,"href":"https:\/\/www.defensoria.se.def.br\/index.php?rest_route=%2Fwp%2Fv2%2Fcomments&post=748"}],"version-history":[{"count":30,"href":"https:\/\/www.defensoria.se.def.br\/index.php?rest_route=\/wp\/v2\/pages\/748\/revisions"}],"predecessor-version":[{"id":49753,"href":"https:\/\/www.defensoria.se.def.br\/index.php?rest_route=\/wp\/v2\/pages\/748\/revisions\/49753"}],"up":[{"embeddable":true,"href":"https:\/\/www.defensoria.se.def.br\/index.php?rest_route=\/wp\/v2\/pages\/458"}],"wp:attachment":[{"href":"https:\/\/www.defensoria.se.def.br\/index.php?rest_route=%2Fwp%2Fv2%2Fmedia&parent=748"}],"curies":[{"name":"wp","href":"https:\/\/api.w.org\/{rel}","templated":true}]}}