{"id":750,"date":"2012-10-02T03:13:27","date_gmt":"2012-10-02T03:13:27","guid":{"rendered":"http:\/\/www.defensoria.se.def.br\/?page_id=750"},"modified":"2026-02-27T09:53:08","modified_gmt":"2026-02-27T12:53:08","slug":"direitos-humanos","status":"publish","type":"page","link":"https:\/\/www.defensoria.se.def.br\/?page_id=750","title":{"rendered":"Direitos Humanos"},"content":{"rendered":"\n<h3 class=\"wp-block-heading\">&nbsp;<\/h3>\n\n\n\n<h1 class=\"wp-block-heading has-ast-global-color-0-color has-text-color has-link-color wp-elements-3c8a7e6e0c40907cde01c93801c254fe\"><span style=\"color: #007749;\"><strong>N\u00facleo de Defesa dos Direitos e Promo\u00e7\u00e3o da Inclus\u00e3o Social  (NUDEDH<\/strong><\/span>)<\/h1>\n\n\n\n<p class=\"has-text-align-center\">Resolu\u00e7\u00e3o n\u00ba 005\/2017<\/p>\n\n\n\n<p><span style=\"color: #007749;\"><strong>DIRETOR:&nbsp;<\/strong><\/span><\/p>\n\n\n\n<p>Dr. Sergio Barreto Morais &#8211; Port. 014\/17 e Port. 112\/2026 <br>Membro Titular desta Institui\u00e7\u00e3o no Conselho Estadual de Direitos Humanos<\/p>\n\n\n\n<p><\/p>\n\n\n\n<p><span style=\"color: #007749;\"><strong>MEMBROS: <\/strong><\/span><\/p>\n\n\n\n<p>Dra. Rosana De Assis Martins &#8211; Port. 239\/10<\/p>\n\n\n\n<p>Dr. Eric Martins Santos De Figueiredo &#8211; Port. 013\/17<\/p>\n\n\n\n<p>Dr. Rafael De Jesus Rocha &#8211; Port. n\u00ba 222\/2024 e Port. n\u00b0 113\/2026 &#8211; <br>Membro Suplente desta Institui\u00e7\u00e3o no Conselho Estadual de Direitos Humanos<\/p>\n\n\n\n<p><\/p>\n\n\n\n<p><span style=\"color: #007749;\"><b>ATUA\u00c7\u00c3O:<\/b><\/span><\/p>\n\n\n\n<p>O N\u00facleo Especializado na Defesa dos Direitos Humanos e Promo\u00e7\u00e3o da Inclus\u00e3o Social \u2013 NUDEDH atua em casos de viola\u00e7\u00e3o de direitos humanos, desde que a quest\u00e3o n\u00e3o seja ligada \u00e0s atividades dos demais N\u00facleos Especializados da Defensoria P\u00fablica, que s\u00e3o os seguintes: Inf\u00e2ncia e Juventude; Promo\u00e7\u00e3o e Defesa dos Direitos da Mulher; De acompanhamento de Flagrantes e Inqu\u00e9ritos Policiais; de Execu\u00e7\u00e3o Penal, de Articula\u00e7\u00e3o com Movimentos de Bairros, N\u00facleo de Defesa de Direitos da Sa\u00fade; e&nbsp;Defesa&nbsp;do Consumidor.<\/p>\n\n\n\n<p>Os casos podem ser individuais, coletivos ou difusos, obedecendo a um crit\u00e9rio de complexidade, amplitude e relev\u00e2ncia da mat\u00e9ria, independentemente de provoca\u00e7\u00e3o, em alguns casos emblem\u00e1ticos.<\/p>\n\n\n\n<p><span style=\"color: #007749;\"><strong>HIST\u00d3RICO:<\/strong><\/span><\/p>\n\n\n\n<p>O N\u00facleo Especializado na Defesa dos Direitos Humanos e Promo\u00e7\u00e3o da Inclus\u00e3o Social \u2013 NUDEDH, criado pela Lei Complementar n\u00ba 183\/2010, institu\u00eddo por resolu\u00e7\u00e3o do Conselho Superior, \u00e9 um \u00f3rg\u00e3o da Defensoria P\u00fablica que, ao lado dos outros N\u00facleos Especializados, possui como fun\u00e7\u00e3o principal promover a prote\u00e7\u00e3o e promo\u00e7\u00e3o dos direitos humanos dos chamados grupos sociais vulner\u00e1veis, notadamente em quest\u00f5es coletivas. Serve, tamb\u00e9m, para auxiliar os \u00f3rg\u00e3os de execu\u00e7\u00e3o e atua\u00e7\u00e3o da Defensoria P\u00fablica do Estado de Sergipe no desempenho de suas atividades, encaminhando informa\u00e7\u00f5es t\u00e9cnico-jur\u00eddicas, propondo medidas judiciais e extrajudiciais para a tutela de interesses individuais complexos, coletivos e difusos de pessoas necessitadas, com acompanhamento das demandas propostas de forma isolada ou conjuntamente com os Defensores P\u00fablicos naturais.<\/p>\n\n\n\n<p>O N\u00facleo deve, tamb\u00e9m, receber representa\u00e7\u00e3o que contenha den\u00fancia de viola\u00e7\u00e3o dos Direitos Humanos de qualquer pessoa, entidade p\u00fablica ou privada, apurar sua veracidade e proced\u00eancia e notificar \u00e0s autoridades competentes, no sentido de fazerem cessar os abusos praticados por particular ou por servidor p\u00fablico.<\/p>\n\n\n\n<p>O N\u00facleo Especializado na Defesa dos Direitos Humanos e Promo\u00e7\u00e3o da Inclus\u00e3o Social \u2013 NUDEDH, dado o seu campo de atua\u00e7\u00e3o tem\u00e1tica, \u00e9 o principal respons\u00e1vel pela coordena\u00e7\u00e3o do acionamento do Sistema Internacional dos Direitos Humanos quanto \u00e0 viola\u00e7\u00e3o de tais Direitos por \u00d3rg\u00e3os e agentes do Estado, sem que aconte\u00e7a a necess\u00e1ria apura\u00e7\u00e3o.<\/p>\n\n\n\n<p><span style=\"color: #007749;\"><strong>O QUE S\u00c3O OS DIREITOS HUMANOS ?<\/strong><\/span><\/p>\n\n\n\n<p>Os Direitos Humanos s\u00e3o aqueles relacionados \u00e0 preserva\u00e7\u00e3o e promo\u00e7\u00e3o da dignidade fundamental da pessoa, tendo em vista a exist\u00eancia de condi\u00e7\u00f5es que lhe permitam o pleno exerc\u00edcio de suas liberdades e potencialidades. Desde 1948, os direitos humanos constam de tratados internacionais e, em muitos pa\u00edses, foram adotados pelas respectivas Constitui\u00e7\u00f5es, como \u00e9 o caso do Brasil. Costuma-se classificar os direitos humanos em dimens\u00f5es, sendo a primeira relacionada aos direitos individuais da pessoa, como \u00e0 vida e \u00e0s diversas express\u00f5es da liberdade e da igualdade, incluindo-se as garantias ligadas \u00e0 \u00e1rea criminal, o combate a tortura e viol\u00eancia por agentes do Estado a veda\u00e7\u00e3o ao preconceito etc.. Quanto \u00e0 segunda dimens\u00e3o, trata-se dos direitos coletivos (de um grupo social ou de toda a sociedade) relacionados \u00e0 cria\u00e7\u00e3o de condi\u00e7\u00f5es de exist\u00eancia digna, como o direito \u00e0 sa\u00fade, \u00e0 educa\u00e7\u00e3o, \u00e0 moradia, \u00e0 alimenta\u00e7\u00e3o etc. Por fim, os de terceira dimens\u00e3o referem-se \u00e0s condi\u00e7\u00f5es de sobreviv\u00eancia de toda a humanidade, como o direito \u00e0 paz, ao meio ambiente saud\u00e1vel, ao desenvolvimento sustent\u00e1vel etc. Atualmente, tem-se tratado dos direitos humanos de forma integrada, tendo em vista os chamados grupos sociais vulner\u00e1veis, como as crian\u00e7as, os idosos, as pessoas portadoras de defici\u00eancia, as mulheres, os afro-descendentes e tantos outros que precisam e merecem ter sua dignidade respeitada e promovida, quer pelo Estado, quer pela a\u00e7\u00e3o da sociedade.<\/p>\n\n\n\n<p><br><br><br><br><br><br><\/p>\n","protected":false},"excerpt":{"rendered":"<p>&nbsp; N\u00facleo de Defesa dos Direitos e Promo\u00e7\u00e3o da Inclus\u00e3o Social (NUDEDH) Resolu\u00e7\u00e3o n\u00ba 005\/2017 DIRETOR:&nbsp; Dr. Sergio Barreto Morais &#8211; Port. 014\/17 e Port. 112\/2026 Membro Titular desta Institui\u00e7\u00e3o no Conselho Estadual de Direitos Humanos MEMBROS: Dra. Rosana De Assis Martins &#8211; Port. 239\/10 Dr. Eric Martins Santos De Figueiredo &#8211; Port. 013\/17 Dr. &hellip;<\/p>\n<p class=\"read-more\"> <a class=\"\" href=\"https:\/\/www.defensoria.se.def.br\/?page_id=750\"> <span class=\"screen-reader-text\">Direitos Humanos<\/span> Read More &raquo;<\/a><\/p>\n","protected":false},"author":1,"featured_media":0,"parent":458,"menu_order":0,"comment_status":"closed","ping_status":"closed","template":"","meta":{"_eb_attr":"","_uag_custom_page_level_css":"","site-sidebar-layout":"default","site-content-layout":"","ast-site-content-layout":"","site-content-style":"default","site-sidebar-style":"default","ast-global-header-display":"","ast-banner-title-visibility":"","ast-main-header-display":"","ast-hfb-above-header-display":"","ast-hfb-below-header-display":"","ast-hfb-mobile-header-display":"","site-post-title":"","ast-breadcrumbs-content":"","ast-featured-img":"","footer-sml-layout":"","theme-transparent-header-meta":"","adv-header-id-meta":"","stick-header-meta":"","header-above-stick-meta":"","header-main-stick-meta":"","header-below-stick-meta":"","astra-migrate-meta-layouts":"","footnotes":""},"class_list":["post-750","page","type-page","status-publish","hentry"],"uagb_featured_image_src":{"full":false,"thumbnail":false,"medium":false,"medium_large":false,"large":false,"1536x1536":false,"2048x2048":false},"uagb_author_info":{"display_name":"admin","author_link":"https:\/\/www.defensoria.se.def.br\/?author=1"},"uagb_comment_info":0,"uagb_excerpt":"&nbsp; N\u00facleo de Defesa dos Direitos e Promo\u00e7\u00e3o da Inclus\u00e3o Social (NUDEDH) Resolu\u00e7\u00e3o n\u00ba 005\/2017 DIRETOR:&nbsp; Dr. Sergio Barreto Morais &#8211; Port. 014\/17 e Port. 112\/2026 Membro Titular desta Institui\u00e7\u00e3o no Conselho Estadual de Direitos Humanos MEMBROS: Dra. Rosana De Assis Martins &#8211; Port. 239\/10 Dr. Eric Martins Santos De Figueiredo &#8211; Port. 013\/17 Dr.&hellip;","_links":{"self":[{"href":"https:\/\/www.defensoria.se.def.br\/index.php?rest_route=\/wp\/v2\/pages\/750"}],"collection":[{"href":"https:\/\/www.defensoria.se.def.br\/index.php?rest_route=\/wp\/v2\/pages"}],"about":[{"href":"https:\/\/www.defensoria.se.def.br\/index.php?rest_route=\/wp\/v2\/types\/page"}],"author":[{"embeddable":true,"href":"https:\/\/www.defensoria.se.def.br\/index.php?rest_route=\/wp\/v2\/users\/1"}],"replies":[{"embeddable":true,"href":"https:\/\/www.defensoria.se.def.br\/index.php?rest_route=%2Fwp%2Fv2%2Fcomments&post=750"}],"version-history":[{"count":24,"href":"https:\/\/www.defensoria.se.def.br\/index.php?rest_route=\/wp\/v2\/pages\/750\/revisions"}],"predecessor-version":[{"id":49747,"href":"https:\/\/www.defensoria.se.def.br\/index.php?rest_route=\/wp\/v2\/pages\/750\/revisions\/49747"}],"up":[{"embeddable":true,"href":"https:\/\/www.defensoria.se.def.br\/index.php?rest_route=\/wp\/v2\/pages\/458"}],"wp:attachment":[{"href":"https:\/\/www.defensoria.se.def.br\/index.php?rest_route=%2Fwp%2Fv2%2Fmedia&parent=750"}],"curies":[{"name":"wp","href":"https:\/\/api.w.org\/{rel}","templated":true}]}}