{"id":752,"date":"2012-10-02T03:13:53","date_gmt":"2012-10-02T03:13:53","guid":{"rendered":"http:\/\/www.defensoria.se.def.br\/?page_id=752"},"modified":"2026-02-27T09:58:53","modified_gmt":"2026-02-27T12:58:53","slug":"inquerito-administrativo","status":"publish","type":"page","link":"https:\/\/www.defensoria.se.def.br\/?page_id=752","title":{"rendered":"Inqu\u00e9rito Administrativo"},"content":{"rendered":"\n<h3 class=\"wp-block-heading\">&nbsp;<\/h3>\n\n\n\n<h1 class=\"wp-block-heading has-text-align-center\"><span style=\"color: #007749;\"><strong>N\u00facleo Especializado de Acompanhamento de&nbsp;Inqu\u00e9rito&nbsp;Administrativo<\/strong><\/span><\/h1>\n\n\n\n<p class=\"has-text-align-center\">Resolu\u00e7\u00e3o n\u00ba 005\/2010<\/p>\n\n\n\n\n\n<div class=\"wp-block-uagb-container uagb-block-230cdfce alignfull uagb-is-root-container\"><div class=\"uagb-container-inner-blocks-wrap\"><\/div><\/div>\n\n\n\n<p><span style=\"color: #007749;\"><strong>DIRETORA:<\/strong><\/span><\/p>\n\n\n\n<p>Dra. Jadiella Santana De Albuquerque &#8211; Diretor &#8211; Port. 164\/10<\/p>\n\n\n\n<p><span style=\"color: #007749;\"><strong>MEMBRO: <\/strong><\/span><\/p>\n\n\n\n<p>Dra. Rachel Cabral Barreto &#8211; Port. 258\/10<\/p>\n\n\n\n<p><span style=\"color: #007749;\"><strong>HIST\u00d3RICO:<\/strong><\/span><\/p>\n\n\n\n<p>O N\u00facleo Especializado de Acompanhamento de&nbsp;Inqu\u00e9rito&nbsp;Administrativo da Defensoria P\u00fablica do Estado de Sergipe \u00e9 composto por duas Defensoras P\u00fablicas, Dr\u00aa Jadiella Santana de Albuquerque e Dr\u00aa Rachel Cabral Barreto, incumbidas na promo\u00e7\u00e3o da defesa dos servidores com insufici\u00eancia de recursos para contratar um advogado.<\/p>\n\n\n\n<p>A defesa do servidor \u00e9 restrita a&nbsp;processos administrativos que&nbsp; visam a apura\u00e7\u00e3o de falta disciplinares de servidores p\u00fablicos hipossuficientes. Incube \u00e0s integrantes do n\u00facleo orientar o servidor, confeccionar a defesa administrativa cab\u00edvel e participar das audi\u00eancias junto \u00e0s comiss\u00f5es e pres\u00eddios deste Estado, al\u00e9m de atuar como curador especial nos mencionados feitos.<\/p>\n\n\n\n<p>Os plant\u00f5es do N\u00facleo ocorrem \u00e0s segundas e quartas-feiras na Central de Atendimento Defensora Diva Costa Lima, localizada na Travessa Jo\u00e3o Francisco da Silveira, 94 (Continua\u00e7\u00e3o da Avenida Bar\u00e3o de Maruim), no Bairro Centro, em Aracaju\/SE.<\/p>\n\n\n\n<p>O N\u00facleo j\u00e1 atuou junto \u00e0s comiss\u00f5es da SEJUC, SEPLAG, SEED, SEFAZ, Secretaria de Sa\u00fade, TJ\/SE, CORREGEPOL e Corregedoria da Pol\u00edcia Militar.<\/p>\n\n\n\n<p>&nbsp;<\/p>\n\n\n\n<div class=\"wp-block-uagb-container uagb-block-2e7af38a alignfull uagb-is-root-container\"><div class=\"uagb-container-inner-blocks-wrap\"><\/div><\/div>\n\n\n","protected":false},"excerpt":{"rendered":"<p>&nbsp; N\u00facleo Especializado de Acompanhamento de&nbsp;Inqu\u00e9rito&nbsp;Administrativo Resolu\u00e7\u00e3o n\u00ba 005\/2010 DIRETORA: Dra. Jadiella Santana De Albuquerque &#8211; Diretor &#8211; Port. 164\/10 MEMBRO: Dra. Rachel Cabral Barreto &#8211; Port. 258\/10 HIST\u00d3RICO: O N\u00facleo Especializado de Acompanhamento de&nbsp;Inqu\u00e9rito&nbsp;Administrativo da Defensoria P\u00fablica do Estado de Sergipe \u00e9 composto por duas Defensoras P\u00fablicas, Dr\u00aa Jadiella Santana de Albuquerque e Dr\u00aa &hellip;<\/p>\n<p class=\"read-more\"> <a class=\"\" href=\"https:\/\/www.defensoria.se.def.br\/?page_id=752\"> <span class=\"screen-reader-text\">Inqu\u00e9rito Administrativo<\/span> Read More &raquo;<\/a><\/p>\n","protected":false},"author":1,"featured_media":0,"parent":458,"menu_order":0,"comment_status":"closed","ping_status":"closed","template":"","meta":{"_eb_attr":"","_uag_custom_page_level_css":"","site-sidebar-layout":"default","site-content-layout":"","ast-site-content-layout":"","site-content-style":"default","site-sidebar-style":"default","ast-global-header-display":"","ast-banner-title-visibility":"","ast-main-header-display":"","ast-hfb-above-header-display":"","ast-hfb-below-header-display":"","ast-hfb-mobile-header-display":"","site-post-title":"","ast-breadcrumbs-content":"","ast-featured-img":"","footer-sml-layout":"","theme-transparent-header-meta":"","adv-header-id-meta":"","stick-header-meta":"","header-above-stick-meta":"","header-main-stick-meta":"","header-below-stick-meta":"","astra-migrate-meta-layouts":"","footnotes":""},"class_list":["post-752","page","type-page","status-publish","hentry"],"uagb_featured_image_src":{"full":false,"thumbnail":false,"medium":false,"medium_large":false,"large":false,"1536x1536":false,"2048x2048":false},"uagb_author_info":{"display_name":"admin","author_link":"https:\/\/www.defensoria.se.def.br\/?author=1"},"uagb_comment_info":0,"uagb_excerpt":"&nbsp; N\u00facleo Especializado de Acompanhamento de&nbsp;Inqu\u00e9rito&nbsp;Administrativo Resolu\u00e7\u00e3o n\u00ba 005\/2010 DIRETORA: Dra. Jadiella Santana De Albuquerque &#8211; Diretor &#8211; Port. 164\/10 MEMBRO: Dra. Rachel Cabral Barreto &#8211; Port. 258\/10 HIST\u00d3RICO: O N\u00facleo Especializado de Acompanhamento de&nbsp;Inqu\u00e9rito&nbsp;Administrativo da Defensoria P\u00fablica do Estado de Sergipe \u00e9 composto por duas Defensoras P\u00fablicas, Dr\u00aa Jadiella Santana de Albuquerque e Dr\u00aa&hellip;","_links":{"self":[{"href":"https:\/\/www.defensoria.se.def.br\/index.php?rest_route=\/wp\/v2\/pages\/752"}],"collection":[{"href":"https:\/\/www.defensoria.se.def.br\/index.php?rest_route=\/wp\/v2\/pages"}],"about":[{"href":"https:\/\/www.defensoria.se.def.br\/index.php?rest_route=\/wp\/v2\/types\/page"}],"author":[{"embeddable":true,"href":"https:\/\/www.defensoria.se.def.br\/index.php?rest_route=\/wp\/v2\/users\/1"}],"replies":[{"embeddable":true,"href":"https:\/\/www.defensoria.se.def.br\/index.php?rest_route=%2Fwp%2Fv2%2Fcomments&post=752"}],"version-history":[{"count":32,"href":"https:\/\/www.defensoria.se.def.br\/index.php?rest_route=\/wp\/v2\/pages\/752\/revisions"}],"predecessor-version":[{"id":49754,"href":"https:\/\/www.defensoria.se.def.br\/index.php?rest_route=\/wp\/v2\/pages\/752\/revisions\/49754"}],"up":[{"embeddable":true,"href":"https:\/\/www.defensoria.se.def.br\/index.php?rest_route=\/wp\/v2\/pages\/458"}],"wp:attachment":[{"href":"https:\/\/www.defensoria.se.def.br\/index.php?rest_route=%2Fwp%2Fv2%2Fmedia&parent=752"}],"curies":[{"name":"wp","href":"https:\/\/api.w.org\/{rel}","templated":true}]}}