{"id":754,"date":"2012-10-02T03:14:06","date_gmt":"2012-10-02T03:14:06","guid":{"rendered":"http:\/\/www.defensoria.se.def.br\/?page_id=754"},"modified":"2026-02-26T15:12:22","modified_gmt":"2026-02-26T18:12:22","slug":"saude","status":"publish","type":"page","link":"https:\/\/www.defensoria.se.def.br\/?page_id=754","title":{"rendered":"N\u00facleo da Sa\u00fade"},"content":{"rendered":"\n<h3 class=\"wp-block-heading\">&nbsp;<\/h3>\n\n\n\n\n\n<h1 class=\"wp-block-heading has-text-align-center has-x-large-font-size\"><span style=\"color: #007749;\"><strong>N\u00facleo da Sa\u00fade<\/strong><\/span><\/h1>\n\n\n\n<p class=\"has-text-align-center\">Resolu\u00e7\u00e3o n\u00ba&nbsp; 002\/2015<\/p>\n\n\n\n<p><span style=\"color: #007749;\"><strong>DIRETORA:<\/strong><\/span><\/p>\n\n\n\n<p><strong>DRA. CAROLINA D&#8217;AVILA MELO BRUGNI<\/strong> <strong>&#8211; Port. 173\/10<\/strong><\/p>\n\n\n\n<p><span style=\"color: #007749;\"><strong>MEMBROS:<\/strong><\/span><\/p>\n\n\n\n<p>DRA. INGRID RIBEIRO RODRIGUES &#8211; Port. 044\/2023<\/p>\n\n\n\n<p>DRA. LADY DAYANE NUNES DO PRADO SODRE &#8211; Port. 470\/2024<\/p>\n\n\n\n<p>DRA. FL\u00c1VIA PRADO SANTANA ARCIERE &#8211; Port. n\u00ba288.2025<\/p>\n\n\n\n<p>DRA. BETINA SCHREINER &#8211; Port. 374\/2025<\/p>\n\n\n\n<p><span style=\"color: #007749;\"><strong>HIST\u00d3RICO:&nbsp;<\/strong><\/span><\/p>\n\n\n\n<p>Compete ao N\u00facleo da Sa\u00fade promover a\u00e7\u00f5es efetivas nos \u00e2mbitos judicial e extrajudicial que assegurem o exerc\u00edcio do Direito, individual e coletivo, \u00e0 sa\u00fade pelos hipossuficientes, em observ\u00e2ncia ao comando constitucional.<\/p>\n\n\n\n<p>O N\u00facleo da Sa\u00fade da Defensoria P\u00fablica do Estado de Sergipe \u00e9 respons\u00e1vel por atender as demandas referentes \u00e0 presta\u00e7\u00e3o de servi\u00e7os p\u00fablicos de sa\u00fade para aqueles que n\u00e3o t\u00eam condi\u00e7\u00f5es de arcar com tratamentos n\u00e3o cobertos pelo Sistema \u00danico de Sa\u00fade \u2013 SUS \u2013 ou quando, apesar de previsto no SUS, o servi\u00e7o de sa\u00fade est\u00e1 sendo negado para o cidad\u00e3o.<\/p>\n\n\n\n<p>O N\u00facleo tamb\u00e9m trabalha com as demandas coletivas relacionadas \u00e0 Sa\u00fade, apurando eventual dano coletivo atrav\u00e9s dos PADAC&#8217;s (Procedimento de Apura\u00e7\u00e3o de Dano Coletivo) e, em sendo constatado o dano, ajuizando a devida A\u00e7\u00e3o Civil P\u00fablica (ACP) em defesa dos interesses da popula\u00e7\u00e3o.<\/p>\n\n\n\n<p>Diante da urg\u00eancia nos servi\u00e7os de sa\u00fade, o N\u00facleo inicialmente tenta resolver o problema de forma extrajudicial. Entretanto, n\u00e3o conseguindo, leva-se a quest\u00e3o ao Judici\u00e1rio.<\/p>\n\n\n\n<p>Para ser atendido pelo N\u00facleo de Sa\u00fade basta levar a Carteira de Identidade, comprovante de resid\u00eancia, Cart\u00e3o do SUS, Relat\u00f3rio M\u00e9dico indicando o servi\u00e7o de sa\u00fade necessitado com o CID (C\u00f3digo da Doen\u00e7a) e tr\u00eas or\u00e7amentos referentes \u00e0 presta\u00e7\u00e3o do servi\u00e7o na rede privada (farm\u00e1cia, hospitais, cl\u00ednicas etc), indicando os dados banc\u00e1rios da empresa, para o CIAPS, localizado na CENTRAL DE ATENDIMENTO DEFENSORA DIVA COSTA LIMA, localizada na Travessa Jo\u00e3o Francisco da Silveira (Avenida Bar\u00e3o de Maruim), n\u00b0 94 &#8211; Bairro Centro, Aracaju \u2013 Sergipe, CEP: 49.010-360, tel. (79) 3205.3700.<\/p>\n\n\n\n\n\n<div class=\"wp-block-uagb-container uagb-block-a651b6ae alignfull uagb-is-root-container\"><div class=\"uagb-container-inner-blocks-wrap\">\n<p><br><br><\/p>\n<\/div><\/div>\n","protected":false},"excerpt":{"rendered":"<p>&nbsp; N\u00facleo da Sa\u00fade Resolu\u00e7\u00e3o n\u00ba&nbsp; 002\/2015 DIRETORA: DRA. CAROLINA D&#8217;AVILA MELO BRUGNI &#8211; Port. 173\/10 MEMBROS: DRA. INGRID RIBEIRO RODRIGUES &#8211; Port. 044\/2023 DRA. LADY DAYANE NUNES DO PRADO SODRE &#8211; Port. 470\/2024 DRA. FL\u00c1VIA PRADO SANTANA ARCIERE &#8211; Port. n\u00ba288.2025 DRA. BETINA SCHREINER &#8211; Port. 374\/2025 HIST\u00d3RICO:&nbsp; Compete ao N\u00facleo da Sa\u00fade promover &hellip;<\/p>\n<p class=\"read-more\"> <a class=\"\" href=\"https:\/\/www.defensoria.se.def.br\/?page_id=754\"> <span class=\"screen-reader-text\">N\u00facleo da Sa\u00fade<\/span> Read More &raquo;<\/a><\/p>\n","protected":false},"author":1,"featured_media":0,"parent":458,"menu_order":0,"comment_status":"closed","ping_status":"closed","template":"","meta":{"_eb_attr":"","_uag_custom_page_level_css":"","site-sidebar-layout":"default","site-content-layout":"","ast-site-content-layout":"","site-content-style":"default","site-sidebar-style":"default","ast-global-header-display":"","ast-banner-title-visibility":"","ast-main-header-display":"","ast-hfb-above-header-display":"","ast-hfb-below-header-display":"","ast-hfb-mobile-header-display":"","site-post-title":"","ast-breadcrumbs-content":"","ast-featured-img":"","footer-sml-layout":"","theme-transparent-header-meta":"","adv-header-id-meta":"","stick-header-meta":"","header-above-stick-meta":"","header-main-stick-meta":"","header-below-stick-meta":"","astra-migrate-meta-layouts":"","footnotes":""},"class_list":["post-754","page","type-page","status-publish","hentry"],"uagb_featured_image_src":{"full":false,"thumbnail":false,"medium":false,"medium_large":false,"large":false,"1536x1536":false,"2048x2048":false},"uagb_author_info":{"display_name":"admin","author_link":"https:\/\/www.defensoria.se.def.br\/?author=1"},"uagb_comment_info":0,"uagb_excerpt":"&nbsp; N\u00facleo da Sa\u00fade Resolu\u00e7\u00e3o n\u00ba&nbsp; 002\/2015 DIRETORA: DRA. CAROLINA D&#8217;AVILA MELO BRUGNI &#8211; Port. 173\/10 MEMBROS: DRA. INGRID RIBEIRO RODRIGUES &#8211; Port. 044\/2023 DRA. LADY DAYANE NUNES DO PRADO SODRE &#8211; Port. 470\/2024 DRA. FL\u00c1VIA PRADO SANTANA ARCIERE &#8211; Port. n\u00ba288.2025 DRA. BETINA SCHREINER &#8211; Port. 374\/2025 HIST\u00d3RICO:&nbsp; Compete ao N\u00facleo da Sa\u00fade promover&hellip;","_links":{"self":[{"href":"https:\/\/www.defensoria.se.def.br\/index.php?rest_route=\/wp\/v2\/pages\/754"}],"collection":[{"href":"https:\/\/www.defensoria.se.def.br\/index.php?rest_route=\/wp\/v2\/pages"}],"about":[{"href":"https:\/\/www.defensoria.se.def.br\/index.php?rest_route=\/wp\/v2\/types\/page"}],"author":[{"embeddable":true,"href":"https:\/\/www.defensoria.se.def.br\/index.php?rest_route=\/wp\/v2\/users\/1"}],"replies":[{"embeddable":true,"href":"https:\/\/www.defensoria.se.def.br\/index.php?rest_route=%2Fwp%2Fv2%2Fcomments&post=754"}],"version-history":[{"count":30,"href":"https:\/\/www.defensoria.se.def.br\/index.php?rest_route=\/wp\/v2\/pages\/754\/revisions"}],"predecessor-version":[{"id":49721,"href":"https:\/\/www.defensoria.se.def.br\/index.php?rest_route=\/wp\/v2\/pages\/754\/revisions\/49721"}],"up":[{"embeddable":true,"href":"https:\/\/www.defensoria.se.def.br\/index.php?rest_route=\/wp\/v2\/pages\/458"}],"wp:attachment":[{"href":"https:\/\/www.defensoria.se.def.br\/index.php?rest_route=%2Fwp%2Fv2%2Fmedia&parent=754"}],"curies":[{"name":"wp","href":"https:\/\/api.w.org\/{rel}","templated":true}]}}