{"id":757,"date":"2012-10-02T03:14:23","date_gmt":"2012-10-02T03:14:23","guid":{"rendered":"http:\/\/www.defensoria.se.def.br\/?page_id=757"},"modified":"2026-02-27T08:39:57","modified_gmt":"2026-02-27T11:39:57","slug":"execucoes-penais","status":"publish","type":"page","link":"https:\/\/www.defensoria.se.def.br\/?page_id=757","title":{"rendered":"Execu\u00e7\u00f5es Penais"},"content":{"rendered":"\n<h3 class=\"wp-block-heading\">&nbsp;<\/h3>\n\n\n\n\n\n\n\n<h1 class=\"wp-block-heading has-text-align-center\"><span style=\"color: #007749;\"><strong>N\u00facleo de Execu\u00e7\u00f5es Penais (NEP)<\/strong><\/span><\/h1>\n\n\n\n<p class=\"has-text-align-center\">Resolu\u00e7\u00e3o n\u00ba 011\/2010 e 006\/2016<\/p>\n\n\n\n<p><span style=\"color: #007749;\"><strong>DIRETOR:<\/strong><\/span><\/p>\n\n\n\n<p><strong>Dr.<\/strong> <strong>Anderson Amorim Minas<\/strong> &#8211; Port.170\/13<\/p>\n\n\n\n<p><span style=\"color: #007749;\"><strong>MEMBROS:<\/strong><\/span><\/p>\n\n\n\n<p>Dra. Talita Lima De Azevedo &#8211; Port. 049\/17<\/p>\n\n\n\n<p>Dra. Fernanda Santos Nascimento &#8211; Port. n\u00ba 375\/2025<\/p>\n\n\n\n<p>Dr. Cainan Anjos Meira &#8211; Port. 629\/2025<\/p>\n\n\n\n<p>Dr. Daniel Nunes Menezes &#8211; Port.169\/13<\/p>\n\n\n\n<p>Dra. Juliana Carvalho Macedo Sobral &#8211; Port. 194\/11<\/p>\n\n\n\n<p>Dra. Eunices Bezerra Santos E Santana Ingram &#8211; Port. 194\/11<\/p>\n\n\n\n<p><span style=\"color: #007749;\"><strong>HIST\u00d3RICO:<\/strong><\/span><\/p>\n\n\n\n<p>O N\u00facleo de Execu\u00e7\u00f5es Penais, fun\u00e7\u00e3o institucional de promo\u00e7\u00e3o de assist\u00eancia jur\u00eddica espec\u00edfica, inclusive a extrajudicial, aos apenados e aos quais foi aplicada medida de seguran\u00e7a, bem como aos seus familiares e egressos, ap\u00f3s a expedi\u00e7\u00e3o de guia de execu\u00e7\u00e3o, no \u00e2mbito do C\u00f3digo Penal e da Lei n\u00ba 7.210\/84.<\/p>\n\n\n\n<p><span style=\"color: #007749;\"><strong>ATRIBUI\u00c7\u00d5ES:&nbsp;<\/strong><\/span><\/p>\n\n\n\n<p><strong>I &#8211;<\/strong> Propor medidas judiciais e extrajudiciais para a tutela de interesses individuais, individuais homog\u00eaneos, coletivos e difusos;<\/p>\n\n\n\n<p><strong>II &#8211;<\/strong> Atuar nos hospitais de cust\u00f3dia e estabelecimentos prisionais destinados a custodiar pacientes e presos sentenciados;<\/p>\n\n\n\n<p><strong>III &#8211;<\/strong> Atender apenados, desinternados aos quais foi aplicada medida de seguran\u00e7a, egressos e seus familiares;<\/p>\n\n\n\n<p><strong>VI &#8211;<\/strong> Realizar inspe\u00e7\u00f5es nas unidades destinadas por Lei ou ato normativo a custodiar presos e pacientes sentenciados;<\/p>\n\n\n\n<p><strong>V &#8211;<\/strong> Solicitar, sempre que necess\u00e1rio, apoio de outros \u00f3rg\u00e3os da Defensoria P\u00fablica;<\/p>\n\n\n\n<p><strong>VI &#8211;<\/strong> Estabelecer interc\u00e2mbio com N\u00facleos Especializados ou equivalentes de outras Defensorias na \u00e1rea de execu\u00e7\u00e3o penal para defini\u00e7\u00e3o de estrat\u00e9gicas comuns em assuntos de \u00e2mbito nacional.<\/p>\n\n\n\n<p>\u00a7 1\u00ba A atua\u00e7\u00e3o judicial do NEP dar-se-\u00e1&nbsp; na Vara de Execu\u00e7\u00f5es Criminais&nbsp; &#8211; VEC (7\u00aa Vara da Comarca de Aracaju) e na Vara de Execu\u00e7\u00e3o de Medidas e Penas Alternativas &#8211; VEMPA (10\u00aa Vara Criminal da Comarca de Aracaju), e poder\u00e1 ocorrer conjuntamente com outros N\u00facleos Especializados da Defensoria P\u00fablica, observando-se o regramento disciplinado do Conselho Superior.<\/p>\n\n\n\n<p><br><br><br><br><\/p>\n","protected":false},"excerpt":{"rendered":"<p>&nbsp; N\u00facleo de Execu\u00e7\u00f5es Penais (NEP) Resolu\u00e7\u00e3o n\u00ba 011\/2010 e 006\/2016 DIRETOR: Dr. Anderson Amorim Minas &#8211; Port.170\/13 MEMBROS: Dra. Talita Lima De Azevedo &#8211; Port. 049\/17 Dra. Fernanda Santos Nascimento &#8211; Port. n\u00ba 375\/2025 Dr. Cainan Anjos Meira &#8211; Port. 629\/2025 Dr. Daniel Nunes Menezes &#8211; Port.169\/13 Dra. Juliana Carvalho Macedo Sobral &#8211; Port. &hellip;<\/p>\n<p class=\"read-more\"> <a class=\"\" href=\"https:\/\/www.defensoria.se.def.br\/?page_id=757\"> <span class=\"screen-reader-text\">Execu\u00e7\u00f5es Penais<\/span> Read More &raquo;<\/a><\/p>\n","protected":false},"author":1,"featured_media":0,"parent":458,"menu_order":0,"comment_status":"closed","ping_status":"closed","template":"","meta":{"_eb_attr":"","_uag_custom_page_level_css":"","site-sidebar-layout":"default","site-content-layout":"","ast-site-content-layout":"","site-content-style":"default","site-sidebar-style":"default","ast-global-header-display":"","ast-banner-title-visibility":"","ast-main-header-display":"","ast-hfb-above-header-display":"","ast-hfb-below-header-display":"","ast-hfb-mobile-header-display":"","site-post-title":"","ast-breadcrumbs-content":"","ast-featured-img":"","footer-sml-layout":"","theme-transparent-header-meta":"","adv-header-id-meta":"","stick-header-meta":"","header-above-stick-meta":"","header-main-stick-meta":"","header-below-stick-meta":"","astra-migrate-meta-layouts":"","footnotes":""},"class_list":["post-757","page","type-page","status-publish","hentry"],"uagb_featured_image_src":{"full":false,"thumbnail":false,"medium":false,"medium_large":false,"large":false,"1536x1536":false,"2048x2048":false},"uagb_author_info":{"display_name":"admin","author_link":"https:\/\/www.defensoria.se.def.br\/?author=1"},"uagb_comment_info":0,"uagb_excerpt":"&nbsp; N\u00facleo de Execu\u00e7\u00f5es Penais (NEP) Resolu\u00e7\u00e3o n\u00ba 011\/2010 e 006\/2016 DIRETOR: Dr. Anderson Amorim Minas &#8211; Port.170\/13 MEMBROS: Dra. Talita Lima De Azevedo &#8211; Port. 049\/17 Dra. Fernanda Santos Nascimento &#8211; Port. n\u00ba 375\/2025 Dr. Cainan Anjos Meira &#8211; Port. 629\/2025 Dr. Daniel Nunes Menezes &#8211; Port.169\/13 Dra. Juliana Carvalho Macedo Sobral &#8211; Port.&hellip;","_links":{"self":[{"href":"https:\/\/www.defensoria.se.def.br\/index.php?rest_route=\/wp\/v2\/pages\/757"}],"collection":[{"href":"https:\/\/www.defensoria.se.def.br\/index.php?rest_route=\/wp\/v2\/pages"}],"about":[{"href":"https:\/\/www.defensoria.se.def.br\/index.php?rest_route=\/wp\/v2\/types\/page"}],"author":[{"embeddable":true,"href":"https:\/\/www.defensoria.se.def.br\/index.php?rest_route=\/wp\/v2\/users\/1"}],"replies":[{"embeddable":true,"href":"https:\/\/www.defensoria.se.def.br\/index.php?rest_route=%2Fwp%2Fv2%2Fcomments&post=757"}],"version-history":[{"count":21,"href":"https:\/\/www.defensoria.se.def.br\/index.php?rest_route=\/wp\/v2\/pages\/757\/revisions"}],"predecessor-version":[{"id":49733,"href":"https:\/\/www.defensoria.se.def.br\/index.php?rest_route=\/wp\/v2\/pages\/757\/revisions\/49733"}],"up":[{"embeddable":true,"href":"https:\/\/www.defensoria.se.def.br\/index.php?rest_route=\/wp\/v2\/pages\/458"}],"wp:attachment":[{"href":"https:\/\/www.defensoria.se.def.br\/index.php?rest_route=%2Fwp%2Fv2%2Fmedia&parent=757"}],"curies":[{"name":"wp","href":"https:\/\/api.w.org\/{rel}","templated":true}]}}