{"id":759,"date":"2012-10-02T03:14:32","date_gmt":"2012-10-02T03:14:32","guid":{"rendered":"http:\/\/www.defensoria.se.def.br\/?page_id=759"},"modified":"2026-05-07T09:59:40","modified_gmt":"2026-05-07T12:59:40","slug":"1o-atendimento","status":"publish","type":"page","link":"https:\/\/www.defensoria.se.def.br\/?page_id=759","title":{"rendered":"Primeiro Atendimento"},"content":{"rendered":"\n<h3 class=\"wp-block-heading\">&nbsp;<\/h3>\n\n\n\n<h1 class=\"wp-block-heading has-text-align-center\"><span style=\"color: #007749;\"><strong>N\u00facleo de Organiza\u00e7\u00e3o e Gest\u00e3o de Primeiro Atendimento<\/strong><\/span><\/h1>\n\n\n\n<p class=\"has-text-align-center\">Resolu\u00e7\u00e3o n\u00ba 005\/2010<\/p>\n\n\n\n<p><strong><span style=\"color: #007749;\">DIRETOR:<\/span>&nbsp;<\/strong><\/p>\n\n\n\n<p>Dr. Marcos Feitosa Lima &#8211; Diretor &#8211; Port. 203\/2022<\/p>\n\n\n\n<p><span style=\"color: #007749;\"><strong>MEMBROS:&nbsp;<\/strong><\/span><\/p>\n\n\n\n<p>Dra. Liza Monte Alegre Tavares Andrade &#8211; Port. 202\/2022<\/p>\n\n\n\n<p>Dra. Carmen Monteiro Costa Elias &#8211; Port. 080\/2011<\/p>\n\n\n\n<p>Dra. Aline Teixeira Santos &#8211; Port. 250\/2021<\/p>\n\n\n\n<p><span style=\"color: #007749;\"><strong>HIST\u00d3RICO:<\/strong><\/span><\/p>\n\n\n\n<p>Compete ao N\u00facleo promover a presta\u00e7\u00e3o de assist\u00eancia jur\u00eddica integral e gratuita, inclusive no \u00e2mbito extrajudicial, aos carentes de recursos atrav\u00e9s do ajuizamento de a\u00e7\u00f5es e medidas jur\u00eddicas cab\u00edveis no \u00e2mbito das Comarcas que integram a grande Aracaju.<\/p>\n\n\n\n<p><br><br><br><br><br><\/p>\n","protected":false},"excerpt":{"rendered":"<p>&nbsp; N\u00facleo de Organiza\u00e7\u00e3o e Gest\u00e3o de Primeiro Atendimento Resolu\u00e7\u00e3o n\u00ba 005\/2010 DIRETOR:&nbsp; Dr. Marcos Feitosa Lima &#8211; Diretor &#8211; Port. 203\/2022 MEMBROS:&nbsp; Dra. Liza Monte Alegre Tavares Andrade &#8211; Port. 202\/2022 Dra. Carmen Monteiro Costa Elias &#8211; Port. 080\/2011 Dra. Aline Teixeira Santos &#8211; Port. 250\/2021 HIST\u00d3RICO: Compete ao N\u00facleo promover a presta\u00e7\u00e3o de &hellip;<\/p>\n<p class=\"read-more\"> <a class=\"\" href=\"https:\/\/www.defensoria.se.def.br\/?page_id=759\"> <span class=\"screen-reader-text\">Primeiro Atendimento<\/span> Read More &raquo;<\/a><\/p>\n","protected":false},"author":1,"featured_media":0,"parent":458,"menu_order":0,"comment_status":"closed","ping_status":"closed","template":"","meta":{"_eb_attr":"","_uag_custom_page_level_css":"","site-sidebar-layout":"default","site-content-layout":"","ast-site-content-layout":"","site-content-style":"default","site-sidebar-style":"default","ast-global-header-display":"","ast-banner-title-visibility":"","ast-main-header-display":"","ast-hfb-above-header-display":"","ast-hfb-below-header-display":"","ast-hfb-mobile-header-display":"","site-post-title":"","ast-breadcrumbs-content":"","ast-featured-img":"","footer-sml-layout":"","theme-transparent-header-meta":"","adv-header-id-meta":"","stick-header-meta":"","header-above-stick-meta":"","header-main-stick-meta":"","header-below-stick-meta":"","astra-migrate-meta-layouts":"","footnotes":""},"class_list":["post-759","page","type-page","status-publish","hentry"],"uagb_featured_image_src":{"full":false,"thumbnail":false,"medium":false,"medium_large":false,"large":false,"1536x1536":false,"2048x2048":false},"uagb_author_info":{"display_name":"admin","author_link":"https:\/\/www.defensoria.se.def.br\/?author=1"},"uagb_comment_info":0,"uagb_excerpt":"&nbsp; N\u00facleo de Organiza\u00e7\u00e3o e Gest\u00e3o de Primeiro Atendimento Resolu\u00e7\u00e3o n\u00ba 005\/2010 DIRETOR:&nbsp; Dr. Marcos Feitosa Lima &#8211; Diretor &#8211; Port. 203\/2022 MEMBROS:&nbsp; Dra. Liza Monte Alegre Tavares Andrade &#8211; Port. 202\/2022 Dra. Carmen Monteiro Costa Elias &#8211; Port. 080\/2011 Dra. Aline Teixeira Santos &#8211; Port. 250\/2021 HIST\u00d3RICO: Compete ao N\u00facleo promover a presta\u00e7\u00e3o de&hellip;","_links":{"self":[{"href":"https:\/\/www.defensoria.se.def.br\/index.php?rest_route=\/wp\/v2\/pages\/759"}],"collection":[{"href":"https:\/\/www.defensoria.se.def.br\/index.php?rest_route=\/wp\/v2\/pages"}],"about":[{"href":"https:\/\/www.defensoria.se.def.br\/index.php?rest_route=\/wp\/v2\/types\/page"}],"author":[{"embeddable":true,"href":"https:\/\/www.defensoria.se.def.br\/index.php?rest_route=\/wp\/v2\/users\/1"}],"replies":[{"embeddable":true,"href":"https:\/\/www.defensoria.se.def.br\/index.php?rest_route=%2Fwp%2Fv2%2Fcomments&post=759"}],"version-history":[{"count":23,"href":"https:\/\/www.defensoria.se.def.br\/index.php?rest_route=\/wp\/v2\/pages\/759\/revisions"}],"predecessor-version":[{"id":50740,"href":"https:\/\/www.defensoria.se.def.br\/index.php?rest_route=\/wp\/v2\/pages\/759\/revisions\/50740"}],"up":[{"embeddable":true,"href":"https:\/\/www.defensoria.se.def.br\/index.php?rest_route=\/wp\/v2\/pages\/458"}],"wp:attachment":[{"href":"https:\/\/www.defensoria.se.def.br\/index.php?rest_route=%2Fwp%2Fv2%2Fmedia&parent=759"}],"curies":[{"name":"wp","href":"https:\/\/api.w.org\/{rel}","templated":true}]}}